{"id":2190,"date":"2025-11-28T20:56:28","date_gmt":"2025-11-28T19:56:28","guid":{"rendered":"http:\/\/ecj2026.local\/accommodation-form\/"},"modified":"2025-12-03T15:08:46","modified_gmt":"2025-12-03T14:08:46","slug":"accommodation-form","status":"publish","type":"page","link":"https:\/\/ecj2026.scic.cat\/en\/accommodation-form\/","title":{"rendered":"Accommodation form"},"content":{"rendered":"\t\t<div data-elementor-type=\"wp-page\" data-elementor-id=\"2190\" class=\"elementor elementor-2190 elementor-2128\" data-elementor-post-type=\"page\">\n\t\t\t\t<div class=\"elementor-element elementor-element-1a3402f e-flex e-con-boxed e-con e-parent\" data-id=\"1a3402f\" data-element_type=\"container\" data-e-type=\"container\" data-settings=\"{&quot;jet_parallax_layout_list&quot;:[]}\">\n\t\t\t\t\t<div class=\"e-con-inner\">\n\t\t\t\t<div class=\"elementor-element elementor-element-2615d7b elementor-widget elementor-widget-jet-form-builder-form\" data-id=\"2615d7b\" data-element_type=\"widget\" data-e-type=\"widget\" data-widget_type=\"jet-form-builder-form.default\">\n\t\t\t\t<div class=\"elementor-widget-container\">\n\t\t\t\t\t<link rel='stylesheet' id='wp-block-library-css' href='https:\/\/ecj2026.scic.cat\/wp-includes\/css\/dist\/block-library\/style.min.css?ver=6.9.4' media='all' \/>\n<div class=\"jet-form-schedule-message expired-message\">The accommodation request ended on 1 March 2026.<\/div>\t\t\t\t<\/div>\n\t\t\t\t<\/div>\n\t\t\t\t\t<\/div>\n\t\t\t\t<\/div>\n\t\t\t\t<\/div>\n\t\t","protected":false},"excerpt":{"rendered":"<p>1 2 3 Last Page Registration number * Choir name * Email * After registering, you will receive a confirmation email at this address. We will use this email address to communicate with your group. Accommodation preference 1 * Ibis Budget GironaResid\u00e8ncia Girona Tarradellas &#8211; StephouseResid\u00e8ncia Universitaria Pare ClaretResid\u00e8ncia Universitaria Campus MontiliviCan Caball\u00e9La TalaiaCan Sol\u00e0 [&hellip;]<\/p>\n","protected":false},"author":1,"featured_media":0,"parent":0,"menu_order":0,"comment_status":"closed","ping_status":"closed","template":"","meta":{"_jf_save_progress":"","_jf_schedule_form":"","_jet_sm_ready_style":"","_jet_sm_style":"","_jet_sm_controls_values":"","_jet_sm_fonts_collection":"","_jet_sm_fonts_links":"","footnotes":""},"class_list":["post-2190","page","type-page","status-publish","hentry"],"_links":{"self":[{"href":"https:\/\/ecj2026.scic.cat\/en\/wp-json\/wp\/v2\/pages\/2190","targetHints":{"allow":["GET"]}}],"collection":[{"href":"https:\/\/ecj2026.scic.cat\/en\/wp-json\/wp\/v2\/pages"}],"about":[{"href":"https:\/\/ecj2026.scic.cat\/en\/wp-json\/wp\/v2\/types\/page"}],"author":[{"embeddable":true,"href":"https:\/\/ecj2026.scic.cat\/en\/wp-json\/wp\/v2\/users\/1"}],"replies":[{"embeddable":true,"href":"https:\/\/ecj2026.scic.cat\/en\/wp-json\/wp\/v2\/comments?post=2190"}],"version-history":[{"count":1,"href":"https:\/\/ecj2026.scic.cat\/en\/wp-json\/wp\/v2\/pages\/2190\/revisions"}],"predecessor-version":[{"id":2191,"href":"https:\/\/ecj2026.scic.cat\/en\/wp-json\/wp\/v2\/pages\/2190\/revisions\/2191"}],"wp:attachment":[{"href":"https:\/\/ecj2026.scic.cat\/en\/wp-json\/wp\/v2\/media?parent=2190"}],"curies":[{"name":"wp","href":"https:\/\/api.w.org\/{rel}","templated":true}]}}