{"id":148,"date":"2025-08-10T20:51:48","date_gmt":"2025-08-10T18:51:48","guid":{"rendered":"http:\/\/ecj2026.local\/?page_id=148"},"modified":"2025-11-02T23:45:04","modified_gmt":"2025-11-02T22:45:04","slug":"registration-provisional","status":"publish","type":"page","link":"https:\/\/ecj2026.scic.cat\/en\/registration-provisional\/","title":{"rendered":"Registrations provisional"},"content":{"rendered":"\t\t<div data-elementor-type=\"wp-page\" data-elementor-id=\"148\" class=\"elementor elementor-148 elementor-143\" data-elementor-post-type=\"page\">\n\t\t\t\t<div class=\"elementor-element elementor-element-3c688fe e-flex e-con-boxed e-con e-parent\" data-id=\"3c688fe\" data-element_type=\"container\" data-e-type=\"container\" data-settings=\"{&quot;jet_parallax_layout_list&quot;:[]}\">\n\t\t\t\t\t<div class=\"e-con-inner\">\n\t\t\t\t<div class=\"elementor-element elementor-element-cdb5bf5 elementor-widget elementor-widget-text-editor\" data-id=\"cdb5bf5\" data-element_type=\"widget\" data-e-type=\"widget\" data-widget_type=\"text-editor.default\">\n\t\t\t\t<div class=\"elementor-widget-container\">\n\t\t\t\t\t\t\t\t\t<p><strong>COMING SOON!<\/strong> If you want to stay up to date with all the latest news about Europa Cantat Junior 2026, you can subscribe to the newsletter by filling out the form below.<\/p>\t\t\t\t\t\t\t\t<\/div>\n\t\t\t\t<\/div>\n\t\t\t\t<div class=\"elementor-element elementor-element-8b44471 elementor-widget elementor-widget-jet-form-builder-form\" data-id=\"8b44471\" data-element_type=\"widget\" data-e-type=\"widget\" data-widget_type=\"jet-form-builder-form.default\">\n\t\t\t\t<div class=\"elementor-widget-container\">\n\t\t\t\t\t<link rel='stylesheet' id='wp-block-library-css' href='https:\/\/ecj2026.scic.cat\/wp-includes\/css\/dist\/block-library\/style.min.css?ver=6.9.4' media='all' \/>\n<style id=\"jet-form-builder-975-inline-css\"><\/style><form  class=\"jet-form-builder layout-column submit-type-reload\" action=\"https:\/\/ecj2026.scic.cat\/en\/wp-json\/wp\/v2\/pages\/148\/?A2L0Fs=LebapwZ6te&amp;method=reload\" method=\"POST\" data-form-id=\"975\" data-layout=\"column\" enctype=\"multipart\/form-data\" novalidate=\"null\" ssr_validation_method=\"rest\"><input type=\"hidden\" id=\"_wpnonce\" name=\"_wpnonce\" value=\"c20de37944\" \/><input type=\"hidden\" name=\"_wp_http_referer\" value=\"\/en\/wp-json\/wp\/v2\/pages\/148\" \/>\r\n<input type=\"hidden\" name=\"_jfb_current_render_states[]\" value=\"DEFAULT.STATE\" data-jfb-sync \/><input type=\"hidden\" class=\"jet-form-builder__field hidden-field\" name=\"_jet_engine_booking_form_id\" data-field-name=\"_jet_engine_booking_form_id\" value=\"975\">\n<input type=\"hidden\" class=\"jet-form-builder__field hidden-field\" name=\"_jet_engine_refer\" data-field-name=\"_jet_engine_refer\" value=\"https:\/\/ecj2026.scic.cat\/en\/wp-json\/wp\/v2\/pages\/148\/\">\n<input type=\"hidden\" class=\"jet-form-builder__field hidden-field\" name=\"__queried_post_id\" data-field-name=\"__queried_post_id\" value=\"148\">\n<div  class=\"jet-form-builder-row field-type-text-field\" >\n<div class=\"jet-form-builder__label\">\r\n<div class=\"jet-form-builder__label-text\">Nom \/ Name <span class=\"jet-form-builder__required\">*<\/span><\/div><\/div><div class=\"jet-form-builder__field-wrap\">\n\t\t\t\t<input required=\"required\" name=\"name\" id=\"name\" type=\"text\" data-field-name=\"name\" class=\"jet-form-builder__field text-field\" data-jfb-sync=\"null\" autocomplete=\"off_xfOY9gLo\">\n\t\t\t\t\t<\/div>\n<\/div>\n\n\n<div class=\"wp-block-columns is-layout-flex wp-container-core-columns-is-layout-28f84493 wp-block-columns-is-layout-flex\">\n<div class=\"wp-block-column is-layout-flow wp-block-column-is-layout-flow\"><div  class=\"jet-form-builder-row field-type-text-field\" >\n<div class=\"jet-form-builder__label\">\r\n<div class=\"jet-form-builder__label-text\">Correu electr\u00f2nic \/ Email <span class=\"jet-form-builder__required\">*<\/span><\/div><\/div><div class=\"jet-form-builder__field-wrap\">\n\t\t\t\t<input placeholder=\"Enter you email\" required=\"required\" name=\"email\" id=\"email\" type=\"email\" data-field-name=\"email\" class=\"jet-form-builder__field text-field\" data-jfb-sync=\"null\" autocomplete=\"off_4OSrTwAR\">\n\t\t\t\t\t<\/div>\n<\/div>\n\n<div  class=\"jet-form-builder-row field-type-text-field\" >\n<div class=\"jet-form-builder__label\">\r\n<div class=\"jet-form-builder__label-text\">Nom de la coral \/ Choir name<\/div><\/div><div class=\"jet-form-builder__field-wrap\">\n\t\t\t\t<input name=\"nom_de_la_coral\" id=\"nom_de_la_coral\" type=\"text\" data-field-name=\"nom_de_la_coral\" class=\"jet-form-builder__field text-field\" data-jfb-sync=\"null\" autocomplete=\"off_ansmdFQT\">\n\t\t\t\t\t<\/div>\n<\/div>\n\n<div  class=\"jet-form-builder-row field-type-select-field wp-block-jet-forms-select-field\">\n<div class=\"jet-form-builder__label\">\r\n<div class=\"jet-form-builder__label-text\">Pa\u00eds \/ Country <span class=\"jet-form-builder__required\">*<\/span><\/div><\/div><div class=\"jet-form-builder__field-wrap\">\n\t<select class=\"jet-form-builder__field select-field\" required=\"required\" name=\"country\" data-field-name=\"country\" id=\"country\" data-jfb-sync=\"null\">\n\t\t<option value=\"af\" >Afghanistan<\/option><option value=\"al\" >Albania<\/option><option value=\"dz\" >Algeria<\/option><option value=\"ad\" >Andorra<\/option><option value=\"ao\" >Angola<\/option><option value=\"ag\" >Antigua and Barbuda<\/option><option value=\"ar\" >Argentina<\/option><option value=\"am\" >Armenia<\/option><option value=\"au\" >Australia<\/option><option value=\"at\" >Austria<\/option><option value=\"az\" >Azerbaijan<\/option><option value=\"bs\" >Bahamas<\/option><option value=\"bh\" >Bahrain<\/option><option value=\"bd\" >Bangladesh<\/option><option value=\"bb\" >Barbados<\/option><option value=\"by\" >Belarus<\/option><option value=\"be\" >Belgium<\/option><option value=\"bz\" >Belize<\/option><option value=\"bj\" >Benin<\/option><option value=\"bt\" >Bhutan<\/option><option value=\"bo\" >Bolivia<\/option><option value=\"ba\" >Bosnia and Herzegovina<\/option><option value=\"bw\" >Botswana<\/option><option value=\"br\" >Brazil<\/option><option value=\"bn\" >Brunei<\/option><option value=\"bg\" >Bulgaria<\/option><option value=\"bf\" >Burkina Faso<\/option><option value=\"bi\" >Burundi<\/option><option value=\"cv\" >Cabo Verde<\/option><option value=\"kh\" >Cambodia<\/option><option value=\"cm\" >Cameroon<\/option><option value=\"ca\" >Canada<\/option><option value=\"cf\" >Central African Republic<\/option><option value=\"td\" >Chad<\/option><option value=\"cl\" >Chile<\/option><option value=\"cn\" >China<\/option><option value=\"co\" >Colombia<\/option><option value=\"km\" >Comoros<\/option><option value=\"cd\" >Democratic Republic of the Congo<\/option><option value=\"cg\" >Republic of the Congo<\/option><option value=\"cr\" >Costa Rica<\/option><option value=\"hr\" >Croatia<\/option><option value=\"cu\" >Cuba<\/option><option value=\"cy\" >Cyprus<\/option><option value=\"cz\" >Czechia<\/option><option value=\"dk\" >Denmark<\/option><option value=\"dj\" >Djibouti<\/option><option value=\"dm\" >Dominica<\/option><option value=\"do\" >Dominican Republic<\/option><option value=\"ec\" >Ecuador<\/option><option value=\"eg\" >Egypt<\/option><option value=\"sv\" >El Salvador<\/option><option value=\"gq\" >Equatorial Guinea<\/option><option value=\"er\" >Eritrea<\/option><option value=\"ee\" >Estonia<\/option><option value=\"sz\" >Eswatini<\/option><option value=\"et\" >Ethiopia<\/option><option value=\"fj\" >Fiji<\/option><option value=\"fi\" >Finland<\/option><option value=\"fr\" >France<\/option><option value=\"ga\" >Gabon<\/option><option value=\"gm\" >Gambia<\/option><option value=\"ge\" >Georgia<\/option><option value=\"de\" >Germany<\/option><option value=\"gh\" >Ghana<\/option><option value=\"gr\" >Greece<\/option><option value=\"gd\" >Grenada<\/option><option value=\"gt\" >Guatemala<\/option><option value=\"gn\" >Guinea<\/option><option value=\"gw\" >Guinea-Bissau<\/option><option value=\"gy\" >Guyana<\/option><option value=\"ht\" >Haiti<\/option><option value=\"hn\" >Honduras<\/option><option value=\"hu\" >Hungary<\/option><option value=\"is\" >Iceland<\/option><option value=\"in\" >India<\/option><option value=\"id\" >Indonesia<\/option><option value=\"ir\" >Iran<\/option><option value=\"iq\" >Iraq<\/option><option value=\"ie\" >Ireland<\/option><option value=\"il\" >Israel<\/option><option value=\"it\" >Italy<\/option><option value=\"ci\" >C?te d?Ivoire<\/option><option value=\"jm\" >Jamaica<\/option><option value=\"jp\" >Japan<\/option><option value=\"jo\" >Jordan<\/option><option value=\"kz\" >Kazakhstan<\/option><option value=\"ke\" >Kenya<\/option><option value=\"ki\" >Kiribati<\/option><option value=\"kp\" >North Korea<\/option><option value=\"kr\" >South Korea<\/option><option value=\"kw\" >Kuwait<\/option><option value=\"kg\" >Kyrgyzstan<\/option><option value=\"la\" >Laos<\/option><option value=\"lv\" >Latvia<\/option><option value=\"lb\" >Lebanon<\/option><option value=\"ls\" >Lesotho<\/option><option value=\"lr\" >Liberia<\/option><option value=\"ly\" >Libya<\/option><option value=\"li\" >Liechtenstein<\/option><option value=\"lt\" >Lithuania<\/option><option value=\"lu\" >Luxembourg<\/option><option value=\"mg\" >Madagascar<\/option><option value=\"mw\" >Malawi<\/option><option value=\"my\" >Malaysia<\/option><option value=\"mv\" >Maldives<\/option><option value=\"ml\" >Mali<\/option><option value=\"mt\" >Malta<\/option><option value=\"mh\" >Marshall Islands<\/option><option value=\"mr\" >Mauritania<\/option><option value=\"mu\" >Mauritius<\/option><option value=\"mx\" >Mexico<\/option><option value=\"fm\" >Micronesia<\/option><option value=\"md\" >Moldova<\/option><option value=\"mc\" >Monaco<\/option><option value=\"mn\" >Mongolia<\/option><option value=\"me\" >Montenegro<\/option><option value=\"ma\" >Morocco<\/option><option value=\"mz\" >Mozambique<\/option><option value=\"mm\" >Myanmar<\/option><option value=\"na\" >Namibia<\/option><option value=\"nr\" >Nauru<\/option><option value=\"np\" >Nepal<\/option><option value=\"nl\" >Netherlands<\/option><option value=\"nz\" >New Zealand<\/option><option value=\"ni\" >Nicaragua<\/option><option value=\"ne\" >Niger<\/option><option value=\"ng\" >Nigeria<\/option><option value=\"mk\" >North Macedonia<\/option><option value=\"no\" >Norway<\/option><option value=\"om\" >Oman<\/option><option value=\"pk\" >Pakistan<\/option><option value=\"pw\" >Palau<\/option><option value=\"pa\" >Panama<\/option><option value=\"pg\" >Papua New Guinea<\/option><option value=\"py\" >Paraguay<\/option><option value=\"pe\" >Peru<\/option><option value=\"ph\" >Philippines<\/option><option value=\"pl\" >Poland<\/option><option value=\"pt\" >Portugal<\/option><option value=\"qa\" >Qatar<\/option><option value=\"ro\" >Romania<\/option><option value=\"ru\" >Russia<\/option><option value=\"rw\" >Rwanda<\/option><option value=\"kn\" >Saint Kitts and Nevis<\/option><option value=\"lc\" >Saint Lucia<\/option><option value=\"vc\" >Saint Vincent and the Grenadines<\/option><option value=\"ws\" >Samoa<\/option><option value=\"sm\" >San Marino<\/option><option value=\"st\" >Sao Tome and Principe<\/option><option value=\"sa\" >Saudi Arabia<\/option><option value=\"sn\" >Senegal<\/option><option value=\"rs\" >Serbia<\/option><option value=\"sc\" >Seychelles<\/option><option value=\"sl\" >Sierra Leone<\/option><option value=\"sg\" >Singapore<\/option><option value=\"sk\" >Slovakia<\/option><option value=\"si\" >Slovenia<\/option><option value=\"sb\" >Solomon Islands<\/option><option value=\"so\" >Somalia<\/option><option value=\"za\" >South Africa<\/option><option value=\"ss\" >South Sudan<\/option><option value=\"es\" >Spain<\/option><option value=\"es-ct\" >Catalonia, Spain<\/option><option value=\"lk\" >Sri Lanka<\/option><option value=\"sd\" >Sudan<\/option><option value=\"sr\" >Suriname<\/option><option value=\"se\" >Sweden<\/option><option value=\"ch\" >Switzerland<\/option><option value=\"sy\" >Syria<\/option><option value=\"tj\" >Tajikistan<\/option><option value=\"tz\" >Tanzania<\/option><option value=\"th\" >Thailand<\/option><option value=\"tl\" >Timor-Leste<\/option><option value=\"tg\" >Togo<\/option><option value=\"to\" >Tonga<\/option><option value=\"tt\" >Trinidad and Tobago<\/option><option value=\"tn\" >Tunisia<\/option><option value=\"tr\" >Turkey<\/option><option value=\"tm\" >Turkmenistan<\/option><option value=\"tv\" >Tuvalu<\/option><option value=\"ug\" >Uganda<\/option><option value=\"ua\" >Ukraine<\/option><option value=\"ae\" >United Arab Emirates<\/option><option value=\"gb\" >United Kingdom<\/option><option value=\"us\" >United States<\/option><option value=\"uy\" >Uruguay<\/option><option value=\"uz\" >Uzbekistan<\/option><option value=\"vu\" >Vanuatu<\/option><option value=\"ve\" >Venezuela<\/option><option value=\"vn\" >Vietnam<\/option><option value=\"ye\" >Yemen<\/option><option value=\"zm\" >Zambia<\/option><option value=\"zw\" >Zimbabwe<\/option><option value=\"va\" >Vatican City<\/option><option value=\"ps\" >Palestine<\/option>\t<\/select>\n<\/div>\n<\/div><\/div>\n<\/div>\n\n\n<input type=\"hidden\" class=\"captcha-token\" name=\"_captcha_token\" value=\"\"\/><div  class=\"jet-form-builder-row field-type-submit-field\" >\n\t<div data-type=\"submit\" class=\"jet-form-builder__action-button-wrapper jet-form-builder__submit-wrap\">\n\t<button class=\"jet-form-builder__action-button jet-form-builder__submit submit-type-reload\" type=\"submit\">Enviar \/ Send<\/button>\n\t<\/div>\n\t\n<\/div>\t<div class=\"jet-form-builder-messages-wrap\" data-form-id=\"975\"><\/div>\n<\/form>\n\t\t\t\t<\/div>\n\t\t\t\t<\/div>\n\t\t\t\t\t<\/div>\n\t\t\t\t<\/div>\n\t\t\t\t<\/div>\n\t\t","protected":false},"excerpt":{"rendered":"<p>COMING SOON! If you want to stay up to date with all the latest news about Europa Cantat Junior 2026, you can subscribe to the newsletter by filling out the form below. Nom \/ Name * Correu electr\u00f2nic \/ Email * Nom de la coral \/ Choir name Pa\u00eds \/ Country * AfganistanAlb\u00e0niaAlg\u00e8riaAndorraAngolaAntigua i BarbudaArgentinaArm\u00e8niaAustr\u00e0lia\u00c0ustriaAzerbaidjanBahamesBahrainBangladeshBarbadosBielor\u00fassiaB\u00e8lgicaBelizeBen\u00ednBhutanBol\u00edviaB\u00f2snia [&hellip;]<\/p>\n","protected":false},"author":1,"featured_media":0,"parent":0,"menu_order":0,"comment_status":"closed","ping_status":"closed","template":"","meta":{"_jf_save_progress":"","_jf_schedule_form":"","_jet_sm_ready_style":"","_jet_sm_style":"","_jet_sm_controls_values":"","_jet_sm_fonts_collection":"","_jet_sm_fonts_links":"","footnotes":""},"class_list":["post-148","page","type-page","status-publish","hentry"],"_links":{"self":[{"href":"https:\/\/ecj2026.scic.cat\/en\/wp-json\/wp\/v2\/pages\/148","targetHints":{"allow":["GET"]}}],"collection":[{"href":"https:\/\/ecj2026.scic.cat\/en\/wp-json\/wp\/v2\/pages"}],"about":[{"href":"https:\/\/ecj2026.scic.cat\/en\/wp-json\/wp\/v2\/types\/page"}],"author":[{"embeddable":true,"href":"https:\/\/ecj2026.scic.cat\/en\/wp-json\/wp\/v2\/users\/1"}],"replies":[{"embeddable":true,"href":"https:\/\/ecj2026.scic.cat\/en\/wp-json\/wp\/v2\/comments?post=148"}],"version-history":[{"count":7,"href":"https:\/\/ecj2026.scic.cat\/en\/wp-json\/wp\/v2\/pages\/148\/revisions"}],"predecessor-version":[{"id":1981,"href":"https:\/\/ecj2026.scic.cat\/en\/wp-json\/wp\/v2\/pages\/148\/revisions\/1981"}],"wp:attachment":[{"href":"https:\/\/ecj2026.scic.cat\/en\/wp-json\/wp\/v2\/media?parent=148"}],"curies":[{"name":"wp","href":"https:\/\/api.w.org\/{rel}","templated":true}]}}